{"id":2692,"date":"2024-07-29T21:05:11","date_gmt":"2024-07-29T19:05:11","guid":{"rendered":"https:\/\/sigo-alu.pl\/systeme\/jalousien-und-rolllaeden\/"},"modified":"2024-12-15T10:57:34","modified_gmt":"2024-12-15T09:57:34","slug":"jalousien-und-rolllaeden","status":"publish","type":"page","link":"https:\/\/sigo-alu.pl\/de\/systeme\/jalousien-und-rolllaeden\/","title":{"rendered":"Jalousien und Rolll\u00e4den"},"content":{"rendered":"\t\t<div data-elementor-type=\"wp-page\" data-elementor-id=\"2692\" class=\"elementor elementor-2692 elementor-987\" data-elementor-settings=\"{&quot;ha_cmc_init_switcher&quot;:&quot;no&quot;}\" data-elementor-post-type=\"page\">\n\t\t\t\t<div class=\"elementor-element elementor-element-8fb9778 e-flex e-con-boxed e-con e-parent\" data-id=\"8fb9778\" data-element_type=\"container\" data-settings=\"{&quot;background_background&quot;:&quot;classic&quot;,&quot;_ha_eqh_enable&quot;:false}\">\n\t\t\t\t\t<div class=\"e-con-inner\">\n\t\t\t\t<div class=\"elementor-element elementor-element-3c4257b elementor-widget elementor-widget-heading\" data-id=\"3c4257b\" data-element_type=\"widget\" data-widget_type=\"heading.default\">\n\t\t\t\t<div class=\"elementor-widget-container\">\n\t\t\t<h2 class=\"elementor-heading-title elementor-size-default\">Jalousien und Rolll\u00e4den<\/h2>\t\t<\/div>\n\t\t\t\t<\/div>\n\t\t\t\t\t<\/div>\n\t\t\t\t<\/div>\n\t\t<div class=\"elementor-element elementor-element-f3a7658 e-flex e-con-boxed e-con e-parent\" data-id=\"f3a7658\" data-element_type=\"container\" data-settings=\"{&quot;_ha_eqh_enable&quot;:false}\">\n\t\t\t\t\t<div class=\"e-con-inner\">\n\t\t\t\t<div class=\"elementor-element elementor-element-b87e9f6 elementor-widget elementor-widget-woocommerce-breadcrumb\" data-id=\"b87e9f6\" data-element_type=\"widget\" data-widget_type=\"woocommerce-breadcrumb.default\">\n\t\t\t\t<div class=\"elementor-widget-container\">\n\t\t\t<nav class=\"woocommerce-breadcrumb\" aria-label=\"Breadcrumb\">Startseite<\/nav>\t\t<\/div>\n\t\t\t\t<\/div>\n\t\t\t\t\t<\/div>\n\t\t\t\t<\/div>\n\t\t<div class=\"elementor-element elementor-element-54945a6 e-con-full e-flex e-con e-parent\" data-id=\"54945a6\" data-element_type=\"container\" data-settings=\"{&quot;_ha_eqh_enable&quot;:false}\">\n\t\t<div class=\"elementor-element elementor-element-125a9ef e-con-full e-flex e-con e-child\" data-id=\"125a9ef\" data-element_type=\"container\" data-settings=\"{&quot;background_background&quot;:&quot;classic&quot;,&quot;_ha_eqh_enable&quot;:false}\">\n\t\t\t\t<div class=\"elementor-element elementor-element-00a95c8 elementor-widget elementor-widget-heading\" data-id=\"00a95c8\" data-element_type=\"widget\" data-widget_type=\"heading.default\">\n\t\t\t\t<div class=\"elementor-widget-container\">\n\t\t\t<h2 class=\"elementor-heading-title elementor-size-default\">Jalousien und Rolll\u00e4den<\/h2>\t\t<\/div>\n\t\t\t\t<\/div>\n\t\t\t\t<\/div>\n\t\t\t\t<div class=\"elementor-element elementor-element-c8d34bb elementor-widget elementor-widget-text-editor\" data-id=\"c8d34bb\" data-element_type=\"widget\" data-widget_type=\"text-editor.default\">\n\t\t\t\t<div class=\"elementor-widget-container\">\n\t\t\t\t\t\t\t<p>Regulierung der Sonneneinstrahlung und Schutz der Privatsph\u00e4re<\/p>\n\t\t\t\t\t\t<\/div>\n\t\t\t\t<\/div>\n\t\t\t\t<\/div>\n\t\t<div class=\"elementor-element elementor-element-6e09a2e e-con-full e-flex e-con e-parent\" data-id=\"6e09a2e\" data-element_type=\"container\" data-settings=\"{&quot;_ha_eqh_enable&quot;:false}\">\n\t\t<div class=\"elementor-element elementor-element-642efaa e-con-full e-flex e-con e-child\" data-id=\"642efaa\" data-element_type=\"container\" data-settings=\"{&quot;_ha_eqh_enable&quot;:false}\">\n\t\t\t\t<div class=\"elementor-element elementor-element-636e3fa elementor-widget elementor-widget-image\" data-id=\"636e3fa\" data-element_type=\"widget\" data-widget_type=\"image.default\">\n\t\t\t\t<div class=\"elementor-widget-container\">\n\t\t\t\t\t\t\t\t\t\t\t\t\t<img fetchpriority=\"high\" decoding=\"async\" width=\"800\" height=\"466\" src=\"https:\/\/sigo-alu.pl\/wp-content\/uploads\/2024\/07\/foto-rolety-i-zaluzje.png\" class=\"attachment-large size-large wp-image-993\" alt=\"\" srcset=\"https:\/\/sigo-alu.pl\/wp-content\/uploads\/2024\/07\/foto-rolety-i-zaluzje.png 977w, https:\/\/sigo-alu.pl\/wp-content\/uploads\/2024\/07\/foto-rolety-i-zaluzje-300x175.png 300w, https:\/\/sigo-alu.pl\/wp-content\/uploads\/2024\/07\/foto-rolety-i-zaluzje-768x447.png 768w, https:\/\/sigo-alu.pl\/wp-content\/uploads\/2024\/07\/foto-rolety-i-zaluzje-600x349.png 600w\" sizes=\"(max-width: 800px) 100vw, 800px\" \/>\t\t\t\t\t\t\t\t\t\t\t\t\t<\/div>\n\t\t\t\t<\/div>\n\t\t\t\t<\/div>\n\t\t<div class=\"elementor-element elementor-element-c2812f9 e-con-full e-flex e-con e-child\" data-id=\"c2812f9\" data-element_type=\"container\" data-settings=\"{&quot;background_background&quot;:&quot;classic&quot;,&quot;_ha_eqh_enable&quot;:false}\">\n\t\t\t\t<div class=\"elementor-element elementor-element-0305bfc elementor-widget elementor-widget-text-editor\" data-id=\"0305bfc\" data-element_type=\"widget\" data-widget_type=\"text-editor.default\">\n\t\t\t\t<div class=\"elementor-widget-container\">\n\t\t\t\t\t\t\t<p>Unsere Jalousien und Rolll\u00e4den sind die perfekte L\u00f6sung f\u00fcr alle, die Funktionalit\u00e4t mit \u00c4sthetik verbinden m\u00f6chten. Mit einer gro\u00dfen Auswahl an Materialien, Farben und Designs k\u00f6nnen Sie sie leicht an Ihren Einrichtungsstil anpassen. Unsere Produkte bieten effektiven Schutz vor \u00fcberm\u00e4\u00dfiger Sonneneinstrahlung, gew\u00e4hrleisten Privatsph\u00e4re und erm\u00f6glichen eine vollst\u00e4ndige Kontrolle \u00fcber die Menge des einfallenden Lichts. Die Montage ist schnell und einfach, und die hochwertige Verarbeitung sorgt f\u00fcr eine langanhaltende Nutzung. W\u00e4hle unsere Jalousien und Rolll\u00e4den, um eine gem\u00fctliche und elegante Atmosph\u00e4re zu schaffen.    <\/p>\n\t\t\t\t\t\t<\/div>\n\t\t\t\t<\/div>\n\t\t\t\t<\/div>\n\t\t\t\t<\/div>\n\t\t<div class=\"elementor-element elementor-element-f252387 e-flex e-con-boxed e-con e-parent\" data-id=\"f252387\" data-element_type=\"container\" data-settings=\"{&quot;_ha_eqh_enable&quot;:false}\">\n\t\t\t\t\t<div class=\"e-con-inner\">\n\t\t<div class=\"elementor-element elementor-element-41a2d8c e-con-full e-flex e-con e-child\" data-id=\"41a2d8c\" data-element_type=\"container\" data-settings=\"{&quot;_ha_eqh_enable&quot;:false}\">\n\t\t\t\t<div class=\"elementor-element elementor-element-5175b9c elementor-widget elementor-widget-text-editor\" data-id=\"5175b9c\" data-element_type=\"widget\" data-widget_type=\"text-editor.default\">\n\t\t\t\t<div class=\"elementor-widget-container\">\n\t\t\t\t\t\t\t<p>Autorisierter Partner<\/p>\n\t\t\t\t\t\t<\/div>\n\t\t\t\t<\/div>\n\t\t\t\t<\/div>\n\t\t<div class=\"elementor-element elementor-element-4ead8cb e-con-full e-flex e-con e-child\" data-id=\"4ead8cb\" data-element_type=\"container\" data-settings=\"{&quot;_ha_eqh_enable&quot;:false}\">\n\t\t\t\t<div class=\"elementor-element elementor-element-f30d0fd elementor-widget elementor-widget-image\" data-id=\"f30d0fd\" data-element_type=\"widget\" data-widget_type=\"image.default\">\n\t\t\t\t<div class=\"elementor-widget-container\">\n\t\t\t\t\t\t\t\t\t\t\t\t\t<img decoding=\"async\" width=\"238\" height=\"54\" src=\"https:\/\/sigo-alu.pl\/wp-content\/uploads\/2024\/07\/logo-partnerzy-4.png\" class=\"attachment-large size-large wp-image-328\" alt=\"\" \/>\t\t\t\t\t\t\t\t\t\t\t\t\t<\/div>\n\t\t\t\t<\/div>\n\t\t\t\t<\/div>\n\t\t<div class=\"elementor-element elementor-element-f21a4e9 e-con-full e-flex e-con e-child\" data-id=\"f21a4e9\" data-element_type=\"container\" data-settings=\"{&quot;_ha_eqh_enable&quot;:false}\">\n\t\t\t\t<div class=\"elementor-element elementor-element-0b8a121 elementor-widget elementor-widget-image\" data-id=\"0b8a121\" data-element_type=\"widget\" data-widget_type=\"image.default\">\n\t\t\t\t<div class=\"elementor-widget-container\">\n\t\t\t\t\t\t\t\t\t\t\t\t\t<img decoding=\"async\" width=\"255\" height=\"44\" src=\"https:\/\/sigo-alu.pl\/wp-content\/uploads\/2024\/07\/logo-partnerzy-2-1.png\" class=\"attachment-large size-large wp-image-330\" alt=\"\" \/>\t\t\t\t\t\t\t\t\t\t\t\t\t<\/div>\n\t\t\t\t<\/div>\n\t\t\t\t<\/div>\n\t\t\t\t\t<\/div>\n\t\t\t\t<\/div>\n\t\t<div class=\"elementor-element elementor-element-d9eea25 e-flex e-con-boxed e-con e-parent\" data-id=\"d9eea25\" data-element_type=\"container\" data-settings=\"{&quot;_ha_eqh_enable&quot;:false}\">\n\t\t\t\t\t<div class=\"e-con-inner\">\n\t\t\t\t<div class=\"elementor-element elementor-element-318d798 elementor-grid-3 elementor-grid-tablet-2 elementor-grid-mobile-1 elementor-widget elementor-widget-loop-grid\" data-id=\"318d798\" data-element_type=\"widget\" data-settings=\"{&quot;template_id&quot;:2724,&quot;_skin&quot;:&quot;post&quot;,&quot;columns&quot;:&quot;3&quot;,&quot;columns_tablet&quot;:&quot;2&quot;,&quot;columns_mobile&quot;:&quot;1&quot;,&quot;edit_handle_selector&quot;:&quot;[data-elementor-type=\\&quot;loop-item\\&quot;]&quot;,&quot;row_gap&quot;:{&quot;unit&quot;:&quot;px&quot;,&quot;size&quot;:&quot;&quot;,&quot;sizes&quot;:[]},&quot;row_gap_tablet&quot;:{&quot;unit&quot;:&quot;px&quot;,&quot;size&quot;:&quot;&quot;,&quot;sizes&quot;:[]},&quot;row_gap_mobile&quot;:{&quot;unit&quot;:&quot;px&quot;,&quot;size&quot;:&quot;&quot;,&quot;sizes&quot;:[]}}\" data-widget_type=\"loop-grid.post\">\n\t\t\t\t<div class=\"elementor-widget-container\">\n\t\t\t\t\t<div class=\"e-loop-nothing-found-message\">\n\t\t<\/div>\n\t\t\t\t<\/div>\n\t\t\t\t<\/div>\n\t\t\t\t\t<\/div>\n\t\t\t\t<\/div>\n\t\t<div class=\"elementor-element elementor-element-c8f8017 e-flex e-con-boxed e-con e-parent\" data-id=\"c8f8017\" data-element_type=\"container\" data-settings=\"{&quot;_ha_eqh_enable&quot;:false}\">\n\t\t\t\t\t<div class=\"e-con-inner\">\n\t\t<div class=\"elementor-element elementor-element-79ec83b e-con-full e-flex e-con e-child\" data-id=\"79ec83b\" data-element_type=\"container\" data-settings=\"{&quot;_ha_eqh_enable&quot;:false}\">\n\t\t\t\t<div class=\"elementor-element elementor-element-e74399d elementor-widget elementor-widget-text-editor\" data-id=\"e74399d\" data-element_type=\"widget\" data-widget_type=\"text-editor.default\">\n\t\t\t\t<div class=\"elementor-widget-container\">\n\t\t\t\t\t\t\t<p>Beschreibungen der von unserem Unternehmen verwendeten Systeme:<\/p>\n\t\t\t\t\t\t<\/div>\n\t\t\t\t<\/div>\n\t\t\t\t<\/div>\n\t\t\t\t\t<\/div>\n\t\t\t\t<\/div>\n\t\t<div class=\"elementor-element elementor-element-b655c67 e-flex e-con-boxed e-con e-parent\" data-id=\"b655c67\" data-element_type=\"container\" data-settings=\"{&quot;_ha_eqh_enable&quot;:false}\">\n\t\t\t\t\t<div class=\"e-con-inner\">\n\t\t\t\t<div class=\"elementor-element elementor-element-65af308 elementor-grid-1 elementor-grid-tablet-2 elementor-grid-mobile-1 elementor-widget elementor-widget-loop-grid\" data-id=\"65af308\" data-element_type=\"widget\" data-settings=\"{&quot;template_id&quot;:2716,&quot;columns&quot;:1,&quot;_skin&quot;:&quot;post&quot;,&quot;columns_tablet&quot;:&quot;2&quot;,&quot;columns_mobile&quot;:&quot;1&quot;,&quot;edit_handle_selector&quot;:&quot;[data-elementor-type=\\&quot;loop-item\\&quot;]&quot;,&quot;row_gap&quot;:{&quot;unit&quot;:&quot;px&quot;,&quot;size&quot;:&quot;&quot;,&quot;sizes&quot;:[]},&quot;row_gap_tablet&quot;:{&quot;unit&quot;:&quot;px&quot;,&quot;size&quot;:&quot;&quot;,&quot;sizes&quot;:[]},&quot;row_gap_mobile&quot;:{&quot;unit&quot;:&quot;px&quot;,&quot;size&quot;:&quot;&quot;,&quot;sizes&quot;:[]}}\" data-widget_type=\"loop-grid.post\">\n\t\t\t\t<div class=\"elementor-widget-container\">\n\t\t\t\t\t<div class=\"e-loop-nothing-found-message\">\n\t\t<\/div>\n\t\t\t\t<\/div>\n\t\t\t\t<\/div>\n\t\t\t\t\t<\/div>\n\t\t\t\t<\/div>\n\t\t\t\t<\/div>\n\t\t","protected":false},"excerpt":{"rendered":"<p>Jalousien und Rolll\u00e4den Jalousien und Rolll\u00e4den Regulierung der Sonneneinstrahlung und Schutz der Privatsph\u00e4re Unsere Jalousien und Rolll\u00e4den sind die perfekte L\u00f6sung f\u00fcr alle, die Funktionalit\u00e4t mit \u00c4sthetik verbinden m\u00f6chten. Mit einer gro\u00dfen Auswahl an Materialien, Farben und Designs k\u00f6nnen Sie sie leicht an Ihren Einrichtungsstil anpassen. Unsere Produkte bieten effektiven Schutz vor \u00fcberm\u00e4\u00dfiger Sonneneinstrahlung, gew\u00e4hrleisten [&hellip;]<\/p>\n","protected":false},"author":1,"featured_media":0,"parent":2634,"menu_order":0,"comment_status":"closed","ping_status":"closed","template":"","meta":{"_acf_changed":false,"footnotes":""},"class_list":["post-2692","page","type-page","status-publish","hentry"],"acf":[],"_links":{"self":[{"href":"https:\/\/sigo-alu.pl\/de\/wp-json\/wp\/v2\/pages\/2692","targetHints":{"allow":["GET"]}}],"collection":[{"href":"https:\/\/sigo-alu.pl\/de\/wp-json\/wp\/v2\/pages"}],"about":[{"href":"https:\/\/sigo-alu.pl\/de\/wp-json\/wp\/v2\/types\/page"}],"author":[{"embeddable":true,"href":"https:\/\/sigo-alu.pl\/de\/wp-json\/wp\/v2\/users\/1"}],"replies":[{"embeddable":true,"href":"https:\/\/sigo-alu.pl\/de\/wp-json\/wp\/v2\/comments?post=2692"}],"version-history":[{"count":7,"href":"https:\/\/sigo-alu.pl\/de\/wp-json\/wp\/v2\/pages\/2692\/revisions"}],"predecessor-version":[{"id":3176,"href":"https:\/\/sigo-alu.pl\/de\/wp-json\/wp\/v2\/pages\/2692\/revisions\/3176"}],"up":[{"embeddable":true,"href":"https:\/\/sigo-alu.pl\/de\/wp-json\/wp\/v2\/pages\/2634"}],"wp:attachment":[{"href":"https:\/\/sigo-alu.pl\/de\/wp-json\/wp\/v2\/media?parent=2692"}],"curies":[{"name":"wp","href":"https:\/\/api.w.org\/{rel}","templated":true}]}}